{"id":6765,"date":"2025-08-26T10:22:49","date_gmt":"2025-08-26T07:22:49","guid":{"rendered":"https:\/\/meridienluxe.com\/about-us\/"},"modified":"2025-10-07T10:39:36","modified_gmt":"2025-10-07T07:39:36","slug":"hakkimizda","status":"publish","type":"page","link":"https:\/\/meridienluxe.com\/tr\/hakkimizda\/","title":{"rendered":"Hakk\u0131m\u0131zda"},"content":{"rendered":"\t\t<div data-elementor-type=\"wp-page\" data-elementor-id=\"6765\" class=\"elementor elementor-6765 elementor-5480\">\n\t\t\t\t<div class=\"elementor-element elementor-element-0b9062e e-flex e-con-boxed e-con e-parent\" data-id=\"0b9062e\" data-element_type=\"container\" data-e-type=\"container\">\n\t\t\t\t\t<div class=\"e-con-inner\">\n\t\t<div class=\"elementor-element elementor-element-d342e23 e-con-full e-flex e-con e-child\" data-id=\"d342e23\" data-element_type=\"container\" data-e-type=\"container\">\n\t\t\t\t<div class=\"elementor-element elementor-element-a2847d5 elementor-widget elementor-widget-text-editor\" data-id=\"a2847d5\" data-element_type=\"widget\" data-e-type=\"widget\" data-widget_type=\"text-editor.default\">\n\t\t\t\t\t\t\t\t\tMeridien Luxe olarak, geni\u015f deneyimimiz ve profesyonel ekibimiz ile sizlere en iyi hizmeti sunmay\u0131 hedefliyoruz. M\u00fc\u015fteri memnuniyetine odaklan\u0131yor, g\u00fcvenilir ve y\u00fcksek kaliteli gayrimenkul \u00e7\u00f6z\u00fcmleri sunmak i\u00e7in durmaks\u0131z\u0131n \u00e7al\u0131\u015f\u0131yoruz. Gayrimenkul sekt\u00f6r\u00fcndeki en son trendleri takip ederek her ihtiyaca y\u00f6nelik h\u0131zl\u0131 ve do\u011fru \u00e7\u00f6z\u00fcmler \u00fcretiyoruz.\n\nAmac\u0131m\u0131z, her m\u00fc\u015fterimizin hayallerindeki gayrimenkul\u00fc bulmas\u0131na yard\u0131mc\u0131 olmak ve onlar\u0131n \u00f6zel ihtiya\u00e7lar\u0131na g\u00f6re ki\u015fiselle\u015ftirilmi\u015f hizmetler sunmakt\u0131r. \u0130ster kiral\u0131k ister sat\u0131l\u0131k m\u00fclk ar\u0131yor olun, Meridien Luxe Real Estate sizleri en iyi se\u00e7eneklerle bulu\u015fturmak i\u00e7in burada.\n\nSizlere g\u00fcvenli, verimli ve \u015feffaf bir gayrimenkul deneyimi sunmak i\u00e7in s\u00fcrekli geli\u015fiyor ve sekt\u00f6rdeki yeniliklere uyum sa\u011fl\u0131yoruz. En iyi gayrimenkul \u00e7\u00f6z\u00fcmleri i\u00e7in l\u00fctfen bizimle ileti\u015fime ge\u00e7in.\n\t\t\t\t\t\t\t\t<\/div>\n\t\t\t\t<\/div>\n\t\t<div class=\"elementor-element elementor-element-9c532e8 e-con-full e-flex e-con e-child\" data-id=\"9c532e8\" data-element_type=\"container\" data-e-type=\"container\">\n\t\t\t\t<div class=\"elementor-element elementor-element-1ed6493 elementor-widget elementor-widget-image\" data-id=\"1ed6493\" data-element_type=\"widget\" data-e-type=\"widget\" data-widget_type=\"image.default\">\n\t\t\t\t\t\t\t\t\t\t\t\t\t\t\t<img fetchpriority=\"high\" decoding=\"async\" width=\"738\" height=\"590\" src=\"https:\/\/meridienluxe.com\/wp-content\/uploads\/2025\/10\/SIRKET-DEGERLERIMIZ.png\" class=\"attachment-large size-large wp-image-6967\" alt=\"Meridien Luxe\" srcset=\"https:\/\/meridienluxe.com\/wp-content\/uploads\/2025\/10\/SIRKET-DEGERLERIMIZ.png 1000w, https:\/\/meridienluxe.com\/wp-content\/uploads\/2025\/10\/SIRKET-DEGERLERIMIZ-300x240.png 300w, https:\/\/meridienluxe.com\/wp-content\/uploads\/2025\/10\/SIRKET-DEGERLERIMIZ-768x614.png 768w, https:\/\/meridienluxe.com\/wp-content\/uploads\/2025\/10\/SIRKET-DEGERLERIMIZ-150x120.png 150w\" sizes=\"(max-width: 738px) 100vw, 738px\" title=\"Meridien Luxe\">\t\t\t\t\t\t\t\t\t\t\t\t\t\t\t<\/div>\n\t\t\t\t<\/div>\n\t\t\t\t\t<\/div>\n\t\t\t\t<\/div>\n\t\t\t\t<\/div>\n\t\t","protected":false},"excerpt":{"rendered":"<p>Meridien Luxe olarak, geni\u015f deneyimimiz ve profesyonel ekibimiz ile sizlere en iyi hizmeti sunmay\u0131 hedefliyoruz. M\u00fc\u015fteri memnuniyetine odaklan\u0131yor, g\u00fcvenilir ve y\u00fcksek kaliteli gayrimenkul \u00e7\u00f6z\u00fcmleri sunmak i\u00e7in durmaks\u0131z\u0131n \u00e7al\u0131\u015f\u0131yoruz. Gayrimenkul sekt\u00f6r\u00fcndeki en son trendleri takip ederek her ihtiyaca y\u00f6nelik h\u0131zl\u0131 ve do\u011fru \u00e7\u00f6z\u00fcmler \u00fcretiyoruz. Amac\u0131m\u0131z, her m\u00fc\u015fterimizin hayallerindeki gayrimenkul\u00fc bulmas\u0131na yard\u0131mc\u0131 olmak ve onlar\u0131n \u00f6zel ihtiya\u00e7lar\u0131na&#8230;<\/p>\n","protected":false},"author":1,"featured_media":0,"parent":0,"menu_order":0,"comment_status":"closed","ping_status":"closed","template":"","meta":{"footnotes":""},"class_list":["post-6765","page","type-page","status-publish","hentry"],"_links":{"self":[{"href":"https:\/\/meridienluxe.com\/tr\/wp-json\/wp\/v2\/pages\/6765","targetHints":{"allow":["GET"]}}],"collection":[{"href":"https:\/\/meridienluxe.com\/tr\/wp-json\/wp\/v2\/pages"}],"about":[{"href":"https:\/\/meridienluxe.com\/tr\/wp-json\/wp\/v2\/types\/page"}],"author":[{"embeddable":true,"href":"https:\/\/meridienluxe.com\/tr\/wp-json\/wp\/v2\/users\/1"}],"replies":[{"embeddable":true,"href":"https:\/\/meridienluxe.com\/tr\/wp-json\/wp\/v2\/comments?post=6765"}],"version-history":[{"count":0,"href":"https:\/\/meridienluxe.com\/tr\/wp-json\/wp\/v2\/pages\/6765\/revisions"}],"wp:attachment":[{"href":"https:\/\/meridienluxe.com\/tr\/wp-json\/wp\/v2\/media?parent=6765"}],"curies":[{"name":"wp","href":"https:\/\/api.w.org\/{rel}","templated":true}]}}