{"id":6825,"date":"2025-09-04T11:22:07","date_gmt":"2025-09-04T08:22:07","guid":{"rendered":"https:\/\/meridienluxe.com\/why-uk-market\/"},"modified":"2026-03-02T15:41:04","modified_gmt":"2026-03-02T12:41:04","slug":"neden-ingiltere-pazari","status":"publish","type":"page","link":"https:\/\/meridienluxe.com\/tr\/neden-ingiltere-pazari\/","title":{"rendered":"Neden Birle\u015fik Krall\u0131k Pazar\u0131"},"content":{"rendered":"\t\t<div data-elementor-type=\"wp-page\" data-elementor-id=\"6825\" class=\"elementor elementor-6825 elementor-5656\">\n\t\t\t\t<div class=\"elementor-element elementor-element-a9319eb e-flex e-con-boxed e-con e-parent\" data-id=\"a9319eb\" data-element_type=\"container\" data-e-type=\"container\">\n\t\t\t\t\t<div class=\"e-con-inner\">\n\t\t<div class=\"elementor-element elementor-element-300c263 e-con-full e-flex e-con e-child\" data-id=\"300c263\" data-element_type=\"container\" data-e-type=\"container\">\n\t\t\t\t<div class=\"elementor-element elementor-element-a463d64 elementor-widget elementor-widget-text-editor\" data-id=\"a463d64\" data-element_type=\"widget\" data-e-type=\"widget\" data-widget_type=\"text-editor.default\">\n\t\t\t\t\t\t\t\t\t<p>\u0130ngiltere emlak piyasas\u0131, istikrar, b\u00fcy\u00fcme potansiyeli ve k\u00fcresel \u00e7ekicili\u011fi bir araya getirerek hem ev sahipleri hem de yat\u0131r\u0131mc\u0131lar i\u00e7in benzersiz f\u0131rsatlar sunmaktad\u0131r.<\/p><p>\u2022 <strong>G\u00fc\u00e7l\u00fc Piyasa \u0130stikrar\u0131<\/strong><br \/>\u0130ngiltere, al\u0131c\u0131lara g\u00fcven ve g\u00fcvenlik sa\u011flayan sa\u011flam bir hukuk sistemine ve k\u00f6kl\u00fc emlak yasalar\u0131na sahiptir. M\u00fclkiyet haklar\u0131 a\u00e7\u0131kt\u0131r ve i\u015flemler \u015feffaft\u0131r, bu da hem yerli hem de uluslararas\u0131 yat\u0131r\u0131mc\u0131lara g\u00f6n\u00fcl rahatl\u0131\u011f\u0131 sa\u011flar.<\/p>\t\t\t\t\t\t\t\t<\/div>\n\t\t\t\t<\/div>\n\t\t<div class=\"elementor-element elementor-element-12869f1 e-con-full e-flex e-con e-child\" data-id=\"12869f1\" data-element_type=\"container\" data-e-type=\"container\">\n\t\t\t\t<div class=\"elementor-element elementor-element-5930040 elementor-widget elementor-widget-image\" data-id=\"5930040\" data-element_type=\"widget\" data-e-type=\"widget\" data-widget_type=\"image.default\">\n\t\t\t\t\t\t\t\t\t\t\t\t\t\t\t<img fetchpriority=\"high\" decoding=\"async\" width=\"738\" height=\"492\" src=\"https:\/\/meridienluxe.com\/wp-content\/uploads\/2025\/09\/WHY-UK-MARKET-1-1024x683.jpg\" class=\"attachment-large size-large wp-image-6826\" alt=\"Meridien Luxe\" srcset=\"https:\/\/meridienluxe.com\/wp-content\/uploads\/2025\/09\/WHY-UK-MARKET-1-1024x683.jpg 1024w, https:\/\/meridienluxe.com\/wp-content\/uploads\/2025\/09\/WHY-UK-MARKET-1-300x200.jpg 300w, https:\/\/meridienluxe.com\/wp-content\/uploads\/2025\/09\/WHY-UK-MARKET-1-768x512.jpg 768w, https:\/\/meridienluxe.com\/wp-content\/uploads\/2025\/09\/WHY-UK-MARKET-1-150x100.jpg 150w, https:\/\/meridienluxe.com\/wp-content\/uploads\/2025\/09\/WHY-UK-MARKET-1-488x326.jpg 488w, https:\/\/meridienluxe.com\/wp-content\/uploads\/2025\/09\/WHY-UK-MARKET-1.jpg 1200w\" sizes=\"(max-width: 738px) 100vw, 738px\" title=\"Meridien Luxe\">\t\t\t\t\t\t\t\t\t\t\t\t\t\t\t<\/div>\n\t\t\t\t<\/div>\n\t\t\t\t\t<\/div>\n\t\t\t\t<\/div>\n\t\t<div class=\"elementor-element elementor-element-150c15f e-flex e-con-boxed e-con e-parent\" data-id=\"150c15f\" data-element_type=\"container\" data-e-type=\"container\">\n\t\t\t\t\t<div class=\"e-con-inner\">\n\t\t<div class=\"elementor-element elementor-element-f583f9d e-con-full e-flex e-con e-child\" data-id=\"f583f9d\" data-element_type=\"container\" data-e-type=\"container\">\n\t\t\t\t<div class=\"elementor-element elementor-element-8adec5f elementor-widget elementor-widget-image\" data-id=\"8adec5f\" data-element_type=\"widget\" data-e-type=\"widget\" data-widget_type=\"image.default\">\n\t\t\t\t\t\t\t\t\t\t\t\t\t\t\t<img decoding=\"async\" width=\"738\" height=\"492\" src=\"https:\/\/meridienluxe.com\/wp-content\/uploads\/2017\/06\/shutterstock_1909870057-1.jpg\" class=\"attachment-large size-large wp-image-6562\" alt=\"Meridien Luxe\" srcset=\"https:\/\/meridienluxe.com\/wp-content\/uploads\/2017\/06\/shutterstock_1909870057-1.jpg 1000w, https:\/\/meridienluxe.com\/wp-content\/uploads\/2017\/06\/shutterstock_1909870057-1-300x200.jpg 300w, https:\/\/meridienluxe.com\/wp-content\/uploads\/2017\/06\/shutterstock_1909870057-1-768x512.jpg 768w, https:\/\/meridienluxe.com\/wp-content\/uploads\/2017\/06\/shutterstock_1909870057-1-150x100.jpg 150w, https:\/\/meridienluxe.com\/wp-content\/uploads\/2017\/06\/shutterstock_1909870057-1-488x326.jpg 488w\" sizes=\"(max-width: 738px) 100vw, 738px\" title=\"Meridien Luxe\">\t\t\t\t\t\t\t\t\t\t\t\t\t\t\t<\/div>\n\t\t\t\t<\/div>\n\t\t<div class=\"elementor-element elementor-element-18f2e57 e-con-full e-flex e-con e-child\" data-id=\"18f2e57\" data-element_type=\"container\" data-e-type=\"container\">\n\t\t\t\t<div class=\"elementor-element elementor-element-86c5780 elementor-widget elementor-widget-text-editor\" data-id=\"86c5780\" data-element_type=\"widget\" data-e-type=\"widget\" data-widget_type=\"text-editor.default\">\n\t\t\t\t\t\t\t\t\t<p>\u2022 <strong>Sermaye Art\u0131\u015f Potansiyeli<\/strong><br \/>\u0130ngiltere&#8217;deki gayrimenkuller, \u00f6zellikle \u00f6nemli \u015fehirlerde ve cazip b\u00f6lgelerde, uzun vadeli sermaye art\u0131\u015f\u0131 ge\u00e7mi\u015fine sahiptir. Stratejik sat\u0131n al\u0131mlar, zaman i\u00e7inde orta ila y\u00fcksek getiri sa\u011flayabilir.<br \/><br \/>\u2022 <strong>Kiralama Talebi<\/strong><br \/>Londra, b\u00f6lgesel \u015fehirler veya k\u0131y\u0131 b\u00f6lgeleri fark etmeksizin, kaliteli kiral\u0131k gayrimenkuller i\u00e7in s\u00fcrekli olarak g\u00fc\u00e7l\u00fc bir talep vard\u0131r, bu da \u0130ngiltere&#8217;deki gayrimenkulleri pasif gelir i\u00e7in cazip bir yat\u0131r\u0131m haline getirir.<br \/><br \/>\u2022 <strong>Uluslararas\u0131 Cazibe<\/strong><br \/>\u0130ngiltere, istikrarl\u0131 ekonomisi, sayg\u0131n e\u011fitim sistemi ve kozmopolit ya\u015fam tarz\u0131 nedeniyle k\u00fcresel al\u0131c\u0131lar\u0131 ve kirac\u0131lar\u0131 \u00e7ekmektedir. Burada gayrimenkul sahibi olmak sizi ger\u00e7ek anlamda uluslararas\u0131 bir pazara ba\u011flar.<\/p>\t\t\t\t\t\t\t\t<\/div>\n\t\t\t\t<\/div>\n\t\t\t\t\t<\/div>\n\t\t\t\t<\/div>\n\t\t<div class=\"elementor-element elementor-element-9fd3ee4 e-flex e-con-boxed e-con e-parent\" data-id=\"9fd3ee4\" data-element_type=\"container\" data-e-type=\"container\">\n\t\t\t\t\t<div class=\"e-con-inner\">\n\t\t<div class=\"elementor-element elementor-element-49bd39b e-con-full e-flex e-con e-child\" data-id=\"49bd39b\" data-element_type=\"container\" data-e-type=\"container\">\n\t\t\t\t<div class=\"elementor-element elementor-element-4f50d13 elementor-widget elementor-widget-text-editor\" data-id=\"4f50d13\" data-element_type=\"widget\" data-e-type=\"widget\" data-widget_type=\"text-editor.default\">\n\t\t\t\t\t\t\t\t\t<p>\u2022 <strong>\u00c7e\u015fitlendirme ve G\u00fcvenlik<\/strong><br \/>Gayrimenkul, portf\u00f6y\u00fc \u00e7e\u015fitlendirmek i\u00e7in en somut ve g\u00fcvenilir varl\u0131klardan biri olmaya devam etmektedir. Ekonomik belirsizliklerin ya\u015fand\u0131\u011f\u0131 d\u00f6nemlerde, Birle\u015fik Krall\u0131k gayrimenkulleri di\u011fer yat\u0131r\u0131mlar\u0131n \u00e7o\u011funun sunamad\u0131\u011f\u0131 bir g\u00fcvenlik d\u00fczeyi sunmaktad\u0131r.<br \/><br \/>\u2022 <strong>Ya\u015fam Tarz\u0131 ve Miras<\/strong><br \/>Yat\u0131r\u0131m\u0131n \u00f6tesinde, Birle\u015fik Krall\u0131k gayrimenkulleri tarihi k\u0131rsal m\u00fclklerden \u00e7a\u011fda\u015f \u015fehir ya\u015fam\u0131na kadar \u00e7e\u015fitli ya\u015fam tarz\u0131 avantajlar\u0131 sunmaktad\u0131r. Birle\u015fik Krall\u0131k&#8217;ta bir ev sahibi olmak hem finansal hem de ki\u015fisel bir d\u00f6n\u00fcm noktas\u0131d\u0131r.<\/p><p>Meridien Luxe olarak, al\u0131c\u0131lar\u0131n Birle\u015fik Krall\u0131k pazar\u0131nda g\u00fcvenle yol almalar\u0131na yard\u0131mc\u0131 oluyor, finansal hedeflerinize, ya\u015fam tarz\u0131n\u0131za ve uzun vadeli vizyonunuza uygun f\u0131rsatlar\u0131 belirliyoruz.<\/p>\t\t\t\t\t\t\t\t<\/div>\n\t\t\t\t<\/div>\n\t\t<div class=\"elementor-element elementor-element-fee8e3f e-con-full e-flex e-con e-child\" data-id=\"fee8e3f\" data-element_type=\"container\" data-e-type=\"container\">\n\t\t\t\t<div class=\"elementor-element elementor-element-596e9bd elementor-widget elementor-widget-image\" data-id=\"596e9bd\" data-element_type=\"widget\" data-e-type=\"widget\" data-widget_type=\"image.default\">\n\t\t\t\t\t\t\t\t\t\t\t\t\t\t\t<img decoding=\"async\" width=\"738\" height=\"491\" src=\"https:\/\/meridienluxe.com\/wp-content\/uploads\/2017\/06\/shutterstock_2460004379-1.jpg\" class=\"attachment-large size-large wp-image-6561\" alt=\"Meridien Luxe\" srcset=\"https:\/\/meridienluxe.com\/wp-content\/uploads\/2017\/06\/shutterstock_2460004379-1.jpg 1000w, https:\/\/meridienluxe.com\/wp-content\/uploads\/2017\/06\/shutterstock_2460004379-1-300x200.jpg 300w, https:\/\/meridienluxe.com\/wp-content\/uploads\/2017\/06\/shutterstock_2460004379-1-768x511.jpg 768w, https:\/\/meridienluxe.com\/wp-content\/uploads\/2017\/06\/shutterstock_2460004379-1-150x100.jpg 150w, https:\/\/meridienluxe.com\/wp-content\/uploads\/2017\/06\/shutterstock_2460004379-1-488x326.jpg 488w\" sizes=\"(max-width: 738px) 100vw, 738px\" title=\"Meridien Luxe\">\t\t\t\t\t\t\t\t\t\t\t\t\t\t\t<\/div>\n\t\t\t\t<\/div>\n\t\t\t\t\t<\/div>\n\t\t\t\t<\/div>\n\t\t\t\t<\/div>\n\t\t","protected":false},"excerpt":{"rendered":"<p>\u0130ngiltere emlak piyasas\u0131, istikrar, b\u00fcy\u00fcme potansiyeli ve k\u00fcresel \u00e7ekicili\u011fi bir araya getirerek hem ev sahipleri hem de yat\u0131r\u0131mc\u0131lar i\u00e7in benzersiz f\u0131rsatlar sunmaktad\u0131r. \u2022 G\u00fc\u00e7l\u00fc Piyasa \u0130stikrar\u0131\u0130ngiltere, al\u0131c\u0131lara g\u00fcven ve g\u00fcvenlik sa\u011flayan sa\u011flam bir hukuk sistemine ve k\u00f6kl\u00fc emlak yasalar\u0131na sahiptir. M\u00fclkiyet haklar\u0131 a\u00e7\u0131kt\u0131r ve i\u015flemler \u015feffaft\u0131r, bu da hem yerli hem de uluslararas\u0131 yat\u0131r\u0131mc\u0131lara g\u00f6n\u00fcl&#8230;<\/p>\n","protected":false},"author":1,"featured_media":0,"parent":0,"menu_order":0,"comment_status":"closed","ping_status":"closed","template":"","meta":{"footnotes":""},"class_list":["post-6825","page","type-page","status-publish","hentry"],"_links":{"self":[{"href":"https:\/\/meridienluxe.com\/tr\/wp-json\/wp\/v2\/pages\/6825","targetHints":{"allow":["GET"]}}],"collection":[{"href":"https:\/\/meridienluxe.com\/tr\/wp-json\/wp\/v2\/pages"}],"about":[{"href":"https:\/\/meridienluxe.com\/tr\/wp-json\/wp\/v2\/types\/page"}],"author":[{"embeddable":true,"href":"https:\/\/meridienluxe.com\/tr\/wp-json\/wp\/v2\/users\/1"}],"replies":[{"embeddable":true,"href":"https:\/\/meridienluxe.com\/tr\/wp-json\/wp\/v2\/comments?post=6825"}],"version-history":[{"count":1,"href":"https:\/\/meridienluxe.com\/tr\/wp-json\/wp\/v2\/pages\/6825\/revisions"}],"predecessor-version":[{"id":7861,"href":"https:\/\/meridienluxe.com\/tr\/wp-json\/wp\/v2\/pages\/6825\/revisions\/7861"}],"wp:attachment":[{"href":"https:\/\/meridienluxe.com\/tr\/wp-json\/wp\/v2\/media?parent=6825"}],"curies":[{"name":"wp","href":"https:\/\/api.w.org\/{rel}","templated":true}]}}